{"id":12,"date":"2017-09-28T13:06:57","date_gmt":"2017-09-28T13:06:57","guid":{"rendered":"https:\/\/itajaipar.com.br\/transparencia\/?page_id=12"},"modified":"2024-12-12T14:12:48","modified_gmt":"2024-12-12T17:12:48","slug":"inicial","status":"publish","type":"page","link":"https:\/\/itajaipar.com.br\/transparencia\/","title":{"rendered":"PORTAL DA TRANSPAR\u00caNCIA ITAJA\u00cd PARTICIPA\u00c7\u00d5ES S.A."},"content":{"rendered":"<p style=\"text-align: center;\">ACESSO R\u00c1PIDO<\/p>\n<p style=\"text-align: center;\"><a href=\"https:\/\/itajaipar.com.br\/transparencia\/?cat=7\"><img loading=\"lazy\" decoding=\"async\" class=\"alignnone wp-image-37 size-full\" src=\"https:\/\/itajaipar.com.br\/transparencia\/wp-content\/uploads\/2017\/09\/contas-1.png\" alt=\"\" width=\"250\" height=\"250\" srcset=\"https:\/\/itajaipar.com.br\/transparencia\/wp-content\/uploads\/2017\/09\/contas-1.png 250w, https:\/\/itajaipar.com.br\/transparencia\/wp-content\/uploads\/2017\/09\/contas-1-150x150.png 150w\" sizes=\"auto, (max-width: 250px) 100vw, 250px\" \/><\/a><\/p>\n<p>\u00a0<\/p>\n<p><a href=\"https:\/\/itajaipar.com.br\/transparencia\/wp-content\/uploads\/2020\/10\/Demonstra\u00e7\u00e3o-2019_resized.pdf\" target=\"_blank\" rel=\"noopener\">Balan\u00e7o Patrimonial 2019<\/a><\/p>\n<p><a href=\"https:\/\/itajaipar.com.br\/transparencia\/wp-content\/uploads\/2020\/03\/Presta\u00e7\u00e3o-de-Contas-2018.pdf\">Balan\u00e7o Patrimonial 2018<\/a><\/p>\n<p><a href=\"https:\/\/itajaipar.com.br\/transparencia\/wp-content\/uploads\/2020\/03\/Presta\u00e7\u00e3o-de-Contas-2017.pdf\">Balan\u00e7o Patrimonial 2017<\/a><\/p>\n\n\n<div class=\"wp-block-file\"><a href=\"https:\/\/itajaipar.com.br\/transparencia\/wp-content\/uploads\/2024\/12\/Balanc\u0327o-Patrimonial-2023.pdf\">Balanc\u0327o Patrimonial 2023<\/a><a href=\"https:\/\/itajaipar.com.br\/transparencia\/wp-content\/uploads\/2024\/12\/Balanc\u0327o-Patrimonial-2023.pdf\" class=\"wp-block-file__button\" download>Baixar<\/a><\/div>\n\n\n\n<div class=\"wp-block-file\"><a href=\"https:\/\/itajaipar.com.br\/transparencia\/wp-content\/uploads\/2024\/12\/Balanc\u0327o-Patrimonial-2022.pdf\">Balanc\u0327o Patrimonial 2022<\/a><a href=\"https:\/\/itajaipar.com.br\/transparencia\/wp-content\/uploads\/2024\/12\/Balanc\u0327o-Patrimonial-2022.pdf\" class=\"wp-block-file__button\" download>Baixar<\/a><\/div>\n\n\n\n<div class=\"wp-block-file\"><a href=\"https:\/\/itajaipar.com.br\/transparencia\/wp-content\/uploads\/2024\/12\/Balanc\u0327o-Patrimonial-2021.pdf\">Balanc\u0327o Patrimonial 2021<\/a><a href=\"https:\/\/itajaipar.com.br\/transparencia\/wp-content\/uploads\/2024\/12\/Balanc\u0327o-Patrimonial-2021.pdf\" class=\"wp-block-file__button\" download>Baixar<\/a><\/div>\n\n\n\n<div class=\"wp-block-file\"><a href=\"https:\/\/itajaipar.com.br\/transparencia\/wp-content\/uploads\/2021\/07\/BalancoPatrimonial-2020-1.pdf\">Balan\u00e7o Patrimonial 2020<\/a><a href=\"https:\/\/itajaipar.com.br\/transparencia\/wp-content\/uploads\/2021\/07\/BalancoPatrimonial-2020-1.pdf\" class=\"wp-block-file__button\" download>Baixar<\/a><\/div>\n\n\n\n<h4 class=\"wp-block-heading\">Certid\u00f5es Negativas de D\u00e9bitos<\/h4>\n\n\n\n<div class=\"wp-block-file\"><a href=\"https:\/\/itajaipar.com.br\/transparencia\/wp-content\/uploads\/2024\/12\/CND-Municipal-Itajai\u0301-Participac\u0327o\u0303es-Validade-10-02-2025.pdf\">CND Municipal &#8211; Itajai\u0301 Participac\u0327o\u0303es Validade 10-02-2025<\/a><a href=\"https:\/\/itajaipar.com.br\/transparencia\/wp-content\/uploads\/2024\/12\/CND-Municipal-Itajai\u0301-Participac\u0327o\u0303es-Validade-10-02-2025.pdf\" class=\"wp-block-file__button\" download>Baixar<\/a><\/div>\n\n\n\n<div class=\"wp-block-file\"><a href=\"https:\/\/itajaipar.com.br\/transparencia\/wp-content\/uploads\/2024\/12\/CND-Estadual-Itajai\u0301-Participac\u0327o\u0303es-Validade-18-05-2025.pdf\">CND Estadual &#8211; Itajai\u0301 Participac\u0327o\u0303es Validade 18-05-2025<\/a><a href=\"https:\/\/itajaipar.com.br\/transparencia\/wp-content\/uploads\/2024\/12\/CND-Estadual-Itajai\u0301-Participac\u0327o\u0303es-Validade-18-05-2025.pdf\" class=\"wp-block-file__button\" download>Baixar<\/a><\/div>\n\n\n\n<div class=\"wp-block-file\"><a href=\"https:\/\/itajaipar.com.br\/transparencia\/wp-content\/uploads\/2024\/12\/Certida\u0303o-de-Regularidade-do-FGTS-CRF-Validade-07-12.pdf\">Certida\u0303o de Regularidade do FGTS &#8211; CRF Validade 07-12<\/a><a href=\"https:\/\/itajaipar.com.br\/transparencia\/wp-content\/uploads\/2024\/12\/Certida\u0303o-de-Regularidade-do-FGTS-CRF-Validade-07-12.pdf\" class=\"wp-block-file__button\" download>Baixar<\/a><\/div>\n\n\n\n<div class=\"wp-block-file\"><a href=\"https:\/\/itajaipar.com.br\/transparencia\/wp-content\/uploads\/2024\/12\/CND-Federal-Itajai\u0301-Participac\u0327o\u0303es-Validade-15-03-2025.pdf\">CND Federal &#8211; Itajai\u0301 Participac\u0327o\u0303es Validade 15-03-2025<\/a><a href=\"https:\/\/itajaipar.com.br\/transparencia\/wp-content\/uploads\/2024\/12\/CND-Federal-Itajai\u0301-Participac\u0327o\u0303es-Validade-15-03-2025.pdf\" class=\"wp-block-file__button\" download>Baixar<\/a><\/div>\n\n\n\n<div class=\"wp-block-file\"><a href=\"https:\/\/itajaipar.com.br\/transparencia\/wp-content\/uploads\/2021\/07\/CND-FEDERAL.pdf\">CND FEDERAL<\/a><a href=\"https:\/\/itajaipar.com.br\/transparencia\/wp-content\/uploads\/2021\/07\/CND-FEDERAL.pdf\" class=\"wp-block-file__button\" download>Baixar<\/a><\/div>\n\n\n\n<div class=\"wp-block-file\"><a href=\"https:\/\/itajaipar.com.br\/transparencia\/wp-content\/uploads\/2021\/07\/CND-ESTADUAL.pdf\">CND ESTADUAL<\/a><a href=\"https:\/\/itajaipar.com.br\/transparencia\/wp-content\/uploads\/2021\/07\/CND-ESTADUAL.pdf\" class=\"wp-block-file__button\" download>Baixar<\/a><\/div>\n\n\n\n<div class=\"wp-block-file\"><a href=\"https:\/\/itajaipar.com.br\/transparencia\/wp-content\/uploads\/2021\/07\/CND-FGTS.pdf\">CND FGTS<\/a><a href=\"https:\/\/itajaipar.com.br\/transparencia\/wp-content\/uploads\/2021\/07\/CND-FGTS.pdf\" class=\"wp-block-file__button\" download>Baixar<\/a><\/div>\n\n\n\n<div class=\"wp-block-file\"><a href=\"https:\/\/itajaipar.com.br\/transparencia\/wp-content\/uploads\/2021\/07\/CND-MUNICIPAL.pdf\">CND MUNICIPAL<\/a><a href=\"https:\/\/itajaipar.com.br\/transparencia\/wp-content\/uploads\/2021\/07\/CND-MUNICIPAL.pdf\" class=\"wp-block-file__button\" download>Baixar<\/a><\/div>\n","protected":false},"excerpt":{"rendered":"<p>ACESSO R\u00c1PIDO \u00a0 Balan\u00e7o Patrimonial 2019 Balan\u00e7o Patrimonial 2018 Balan\u00e7o Patrimonial 2017 Certid\u00f5es Negativas de D\u00e9bitos<\/p>\n","protected":false},"author":1,"featured_media":0,"parent":0,"menu_order":0,"comment_status":"closed","ping_status":"closed","template":"page-template\/full-width.php","meta":{"footnotes":""},"class_list":["post-12","page","type-page","status-publish","hentry"],"_links":{"self":[{"href":"https:\/\/itajaipar.com.br\/transparencia\/index.php?rest_route=\/wp\/v2\/pages\/12","targetHints":{"allow":["GET"]}}],"collection":[{"href":"https:\/\/itajaipar.com.br\/transparencia\/index.php?rest_route=\/wp\/v2\/pages"}],"about":[{"href":"https:\/\/itajaipar.com.br\/transparencia\/index.php?rest_route=\/wp\/v2\/types\/page"}],"author":[{"embeddable":true,"href":"https:\/\/itajaipar.com.br\/transparencia\/index.php?rest_route=\/wp\/v2\/users\/1"}],"replies":[{"embeddable":true,"href":"https:\/\/itajaipar.com.br\/transparencia\/index.php?rest_route=%2Fwp%2Fv2%2Fcomments&post=12"}],"version-history":[{"count":40,"href":"https:\/\/itajaipar.com.br\/transparencia\/index.php?rest_route=\/wp\/v2\/pages\/12\/revisions"}],"predecessor-version":[{"id":1275,"href":"https:\/\/itajaipar.com.br\/transparencia\/index.php?rest_route=\/wp\/v2\/pages\/12\/revisions\/1275"}],"wp:attachment":[{"href":"https:\/\/itajaipar.com.br\/transparencia\/index.php?rest_route=%2Fwp%2Fv2%2Fmedia&parent=12"}],"curies":[{"name":"wp","href":"https:\/\/api.w.org\/{rel}","templated":true}]}}